{"id":529,"date":"2015-04-20T11:50:56","date_gmt":"2015-04-20T11:50:56","guid":{"rendered":"http:\/\/welfare.cmsmasters.net\/?page_id=529"},"modified":"2021-06-25T15:04:14","modified_gmt":"2021-06-25T15:04:14","slug":"about-us","status":"publish","type":"page","link":"https:\/\/nelsondev.bg11.ch\/index.php\/about-us\/","title":{"rendered":"\u00dcber uns"},"content":{"rendered":"<div id=\"cmsmasters_row_36c8e55a4f\" class=\"cmsmasters_row cmsmasters_color_scheme_default cmsmasters_row_top_default cmsmasters_row_bot_default cmsmasters_row_boxed\">\n<div class=\"cmsmasters_row_outer_parent\">\n<div class=\"cmsmasters_row_outer\">\n<div class=\"cmsmasters_row_inner\">\n<div class=\"cmsmasters_row_margin\">\n<div id=\"cmsmasters_column_41ee136545\" class=\"cmsmasters_column one_first\">\n<div class=\"cmsmasters_column_inner\"><div id=\"cmsmasters_fb_913cc09122\" class=\"cmsmasters_featured_block\">\n<div class=\"featured_block_inner\">\n<div class=\"featured_block_text\">\n<h1>\u201eThe Nelson Pub Z\u00fcrich \u2013 fun for everyone\u201c<\/h1>\n\n<\/div>\n<\/div>\n<\/div>\n<div class=\"cmsmasters_text\">\n<p>Das Nelson Pub Z\u00fcrich ist ein original englisches Pub. Das Interieur wurde aus England importiert. Mit seinem offenen und unkomplizierten Ambiente ist es geschaffen f\u00fcr gesellige und frohe Unterhaltung. Es stehen rund 30 Biere davon 14 im Offenausschank und diverse K\u00f6stlichkeiten, wie zum Beispiel The House Favourite Premium-Swiss-Spareribs, die schweizweit legend\u00e4ren Chicken-Wings oder Pulled Beef und weiteres.<\/p>\n<p>Das eingespielte Barteam lebt unsere Philosophie der Zuvorkommenheit sowie der Freundlichkeit. Es kommt von Herzen. Traditioneller englischer Barservice im Nelson Pub Z\u00fcrich lebt sich folgendermassen:<\/p>\n<\/div>\n<ul id=\"cmsmasters_icon_list_items_wqmh2ujaq\" class=\"cmsmasters_icon_list_items cmsmasters_icon_list_type_list\"><li id=\"cmsmasters_icon_list_item_d8k635or9\" class=\"cmsmasters_icon_list_item cmsmasters-icon-beer\">An die Bar gehen<\/li><li id=\"cmsmasters_icon_list_item_lwp3xzz6e\" class=\"cmsmasters_icon_list_item cmsmasters-icon-beer\">Lieblingsgetr\u00e4nk oder Speisen bestellen<\/li><li id=\"cmsmasters_icon_list_item_od42noodpq\" class=\"cmsmasters_icon_list_item cmsmasters-icon-beer\">Dieses bezahlen<\/li><li id=\"cmsmasters_icon_list_item_lvnxcvqvur\" class=\"cmsmasters_icon_list_item cmsmasters-icon-beer\">Sich mit dem Getr\u00e4nk irgendwo hin- oder dazusetzen<\/li><li id=\"cmsmasters_icon_list_item_wuuih1bowd\" class=\"cmsmasters_icon_list_item cmsmasters-icon-beer\">Diesen Vorgang beliebig oft wiederholen<\/li><\/ul><div class=\"cmsmasters_text\">\n<p>&nbsp;<\/p>\n<p>Das Nelson Pub Z\u00fcrich ist f\u00fcr jeden Anlass geeignet. Ob bei einem Feierabendbier nach der Arbeit, Geburtstagsfeier oder um einen unkomplizierten Abend mit Freunden zu verbringen. Ausserdem \u00fcbertragen wir zahlreiche Live-Sport\u00fcbertragungen auf diversen TV-Screens und Grossleinw\u00e4nden (bis zu f\u00fcnf Spiele gleichzeitig).<\/p>\n<p>Mit vielen Events sorgen wir f\u00fcr noch mehr Stimmung, rauschenden Parties mit Live DJ\u2019s an Wochenenden und Feiertagen. Gefeiert wird im Nelson Pub Z\u00fcrich immer mit freiem Eintritt!<\/p>\n<p>Das Nelson Pub Z\u00fcrich, die beste englische Bar, ist DER ,,Place To Be\u201c und nur eine Gehminute vom Z\u00fcrcher Hauptbahnhof entfernt.<\/p>\n<\/div>\n<\/div><\/div>\n<\/div>\n<\/div>\n<\/div>\n<\/div>\n<\/div>\n\n","protected":false},"excerpt":{"rendered":"","protected":false},"author":1,"featured_media":0,"parent":0,"menu_order":0,"comment_status":"closed","ping_status":"closed","template":"","meta":[],"yoast_head":"<!-- This site is optimized with the Yoast SEO plugin v16.2 - https:\/\/yoast.com\/wordpress\/plugins\/seo\/ -->\n<title>\u00dcber uns - Nelson Pub Z\u00fcrich<\/title>\n<meta name=\"robots\" content=\"index, follow, max-snippet:-1, max-image-preview:large, max-video-preview:-1\" \/>\n<link rel=\"canonical\" href=\"https:\/\/nelsondev.bg11.ch\/index.php\/about-us\/\" \/>\n<meta property=\"og:locale\" content=\"de_DE\" \/>\n<meta property=\"og:type\" content=\"article\" \/>\n<meta property=\"og:title\" content=\"\u00dcber uns - Nelson Pub Z\u00fcrich\" \/>\n<meta property=\"og:url\" content=\"https:\/\/nelsondev.bg11.ch\/index.php\/about-us\/\" \/>\n<meta property=\"og:site_name\" content=\"Nelson Pub Z\u00fcrich\" \/>\n<meta property=\"article:modified_time\" content=\"2021-06-25T15:04:14+00:00\" \/>\n<meta name=\"twitter:card\" content=\"summary_large_image\" \/>\n<meta name=\"twitter:label1\" content=\"Gesch\u00e4tzte Lesezeit\">\n\t<meta name=\"twitter:data1\" content=\"2\u00a0Minuten\">\n<script type=\"application\/ld+json\" class=\"yoast-schema-graph\">{\"@context\":\"https:\/\/schema.org\",\"@graph\":[{\"@type\":\"WebSite\",\"@id\":\"https:\/\/nelsondev.bg11.ch\/#website\",\"url\":\"https:\/\/nelsondev.bg11.ch\/\",\"name\":\"Nelson Pub Z\\u00fcrich\",\"description\":\"Best place in town\",\"potentialAction\":[{\"@type\":\"SearchAction\",\"target\":\"https:\/\/nelsondev.bg11.ch\/?s={search_term_string}\",\"query-input\":\"required name=search_term_string\"}],\"inLanguage\":\"de\"},{\"@type\":\"WebPage\",\"@id\":\"https:\/\/nelsondev.bg11.ch\/index.php\/about-us\/#webpage\",\"url\":\"https:\/\/nelsondev.bg11.ch\/index.php\/about-us\/\",\"name\":\"\\u00dcber uns - Nelson Pub Z\\u00fcrich\",\"isPartOf\":{\"@id\":\"https:\/\/nelsondev.bg11.ch\/#website\"},\"datePublished\":\"2015-04-20T11:50:56+00:00\",\"dateModified\":\"2021-06-25T15:04:14+00:00\",\"breadcrumb\":{\"@id\":\"https:\/\/nelsondev.bg11.ch\/index.php\/about-us\/#breadcrumb\"},\"inLanguage\":\"de\",\"potentialAction\":[{\"@type\":\"ReadAction\",\"target\":[\"https:\/\/nelsondev.bg11.ch\/index.php\/about-us\/\"]}]},{\"@type\":\"BreadcrumbList\",\"@id\":\"https:\/\/nelsondev.bg11.ch\/index.php\/about-us\/#breadcrumb\",\"itemListElement\":[{\"@type\":\"ListItem\",\"position\":1,\"item\":{\"@type\":\"WebPage\",\"@id\":\"https:\/\/nelsondev.bg11.ch\/\",\"url\":\"https:\/\/nelsondev.bg11.ch\/\",\"name\":\"Home\"}},{\"@type\":\"ListItem\",\"position\":2,\"item\":{\"@id\":\"https:\/\/nelsondev.bg11.ch\/index.php\/about-us\/#webpage\"}}]}]}<\/script>\n<!-- \/ Yoast SEO plugin. -->","_links":{"self":[{"href":"https:\/\/nelsondev.bg11.ch\/index.php\/wp-json\/wp\/v2\/pages\/529"}],"collection":[{"href":"https:\/\/nelsondev.bg11.ch\/index.php\/wp-json\/wp\/v2\/pages"}],"about":[{"href":"https:\/\/nelsondev.bg11.ch\/index.php\/wp-json\/wp\/v2\/types\/page"}],"author":[{"embeddable":true,"href":"https:\/\/nelsondev.bg11.ch\/index.php\/wp-json\/wp\/v2\/users\/1"}],"replies":[{"embeddable":true,"href":"https:\/\/nelsondev.bg11.ch\/index.php\/wp-json\/wp\/v2\/comments?post=529"}],"version-history":[{"count":34,"href":"https:\/\/nelsondev.bg11.ch\/index.php\/wp-json\/wp\/v2\/pages\/529\/revisions"}],"predecessor-version":[{"id":14891,"href":"https:\/\/nelsondev.bg11.ch\/index.php\/wp-json\/wp\/v2\/pages\/529\/revisions\/14891"}],"wp:attachment":[{"href":"https:\/\/nelsondev.bg11.ch\/index.php\/wp-json\/wp\/v2\/media?parent=529"}],"curies":[{"name":"wp","href":"https:\/\/api.w.org\/{rel}","templated":true}]}}