{"id":14727,"date":"2021-06-14T13:25:59","date_gmt":"2021-06-14T13:25:59","guid":{"rendered":"https:\/\/nelsondev.bg11.ch\/?page_id=14727"},"modified":"2021-06-14T14:44:07","modified_gmt":"2021-06-14T14:44:07","slug":"limousinenservice","status":"publish","type":"page","link":"https:\/\/nelsondev.bg11.ch\/index.php\/limousinenservice\/","title":{"rendered":"Limousinenservice"},"content":{"rendered":"<div id=\"cmsmasters_row_e2abe86431\" class=\"cmsmasters_row cmsmasters_color_scheme_default cmsmasters_row_top_default cmsmasters_row_bot_default cmsmasters_row_boxed\">\n<div class=\"cmsmasters_row_outer_parent\">\n<div class=\"cmsmasters_row_outer\">\n<div class=\"cmsmasters_row_inner\">\n<div class=\"cmsmasters_row_margin\">\n<div id=\"cmsmasters_column_6144e80f9b\" class=\"cmsmasters_column one_first\">\n<div class=\"cmsmasters_column_inner\"><div id=\"cmsmasters_heading_2cbe039699\" class=\"cmsmasters_heading_wrap cmsmasters_heading_align_center\">\n\t<h5 class=\"cmsmasters_heading\">Limousinenservice<\/h5>\n<\/div><div class=\"cmsmasters_text custom-max-width\">\n<h3><strong>Mit der Stretch-Limousine ins Nelson Pub Z\u00fcrich<\/strong><\/h3>\n<h3>Polterabend &#8211; Geburtstagsparty<\/h3>\n<div><strong>Buche bei uns eine Stretch-Limousine f\u00fcr dich und deine Freunde (max. 8 Personen)<\/strong><\/div>\n<p>&nbsp;<\/p>\n<\/div>\n<ul id=\"cmsmasters_icon_list_items_atnjdx3txd\" class=\"cmsmasters_icon_list_items cmsmasters_icon_list_type_list\"><li id=\"cmsmasters_icon_list_item_pljx6byaia\" class=\"cmsmasters_icon_list_item cmsmasters-icon-ok-circled2\">1 Stunde Limofahrt in und um Z\u00fcrich f\u00fcr CHF 320.- (maximal 20km Luftlinie um das Nelson Pub Z\u00fcrich \u2013 mehr Kilometer nach Absprache mit dem Limo-Anbieter)<\/li><li id=\"cmsmasters_icon_list_item_aw7dzy84oe\" class=\"cmsmasters_icon_list_item cmsmasters-icon-ok-circled2\">Das Nelson Pub Z\u00fcrich offeriert in der Limo bereits 1 Flasche Prosecco<\/li><li id=\"cmsmasters_icon_list_item_4k6n0ackwp\" class=\"cmsmasters_icon_list_item cmsmasters-icon-ok-circled2\">Mineralwasser nature in der Limo inklusive<\/li><li id=\"cmsmasters_icon_list_item_m84vhuwq2d\" class=\"cmsmasters_icon_list_item cmsmasters-icon-ok-circled2\">Direkter Einlass ohne Warteschlange<\/li><li id=\"cmsmasters_icon_list_item_y60mx5kqjq\" class=\"cmsmasters_icon_list_item cmsmasters-icon-ok-circled2\">Lounge mit Mindestkonsumation von CHF 50.- \/ Person<\/li><\/ul><div class=\"cmsmasters_text custom-max-width\">\n<p>&nbsp;<\/p>\n<p><strong>Reservationsanfrage stellen:<\/strong><\/p>\n<p>Wir stellen dir so schnell wie m\u00f6glich eine detaillierte Offerte zu.<\/p>\n<\/div>\n<div class=\"cmsmasters_contact_form nelson-custom-form\"><div role=\"form\" class=\"wpcf7\" id=\"wpcf7-f14726-o1\" lang=\"de-DE\" dir=\"ltr\">\n<div class=\"screen-reader-response\"><p role=\"status\" aria-live=\"polite\" aria-atomic=\"true\"><\/p> <ul><\/ul><\/div>\n<form action=\"\/index.php\/wp-json\/wp\/v2\/pages\/14727#wpcf7-f14726-o1\" method=\"post\" class=\"wpcf7-form init\" novalidate=\"novalidate\" data-status=\"init\">\n<div style=\"display: none;\">\n<input type=\"hidden\" name=\"_wpcf7\" value=\"14726\" \/>\n<input type=\"hidden\" name=\"_wpcf7_version\" value=\"5.4.1\" \/>\n<input type=\"hidden\" name=\"_wpcf7_locale\" value=\"de_DE\" \/>\n<input type=\"hidden\" name=\"_wpcf7_unit_tag\" value=\"wpcf7-f14726-o1\" \/>\n<input type=\"hidden\" name=\"_wpcf7_container_post\" value=\"0\" \/>\n<input type=\"hidden\" name=\"_wpcf7_posted_data_hash\" value=\"\" \/>\n<\/div>\n<div class=\"cmsmasters_row_margin cmsmasters_131313\">\n<div class=\"cmsmasters_column one_third\">\n<span class=\"wpcf7-form-control-wrap anrede\"><select name=\"anrede\" class=\"wpcf7-form-control wpcf7-select wpcf7-validates-as-required\" aria-required=\"true\" aria-invalid=\"false\"><option value=\"Herr\">Herr<\/option><option value=\"Frau\">Frau<\/option><\/select><\/span>\n<\/div>\n<div class=\"cmsmasters_column one_third\">\n<span class=\"wpcf7-form-control-wrap vorname\"><input type=\"text\" name=\"vorname\" value=\"\" size=\"40\" class=\"wpcf7-form-control wpcf7-text wpcf7-validates-as-required\" aria-required=\"true\" aria-invalid=\"false\" placeholder=\"Vorname*\" \/><\/span>\n<\/div>\n<div class=\"cmsmasters_column one_third\">\n<span class=\"wpcf7-form-control-wrap nachname\"><input type=\"text\" name=\"nachname\" value=\"\" size=\"40\" class=\"wpcf7-form-control wpcf7-text wpcf7-validates-as-required\" aria-required=\"true\" aria-invalid=\"false\" placeholder=\"Nachname*\" \/><\/span>\n<\/div>\n<\/div>\n<div class=\"cmsmasters_row_margin cmsmasters_131313\">\n<div class=\"cmsmasters_column one_third\">\n<span class=\"wpcf7-form-control-wrap street-no\"><input type=\"text\" name=\"street-no\" value=\"\" size=\"40\" class=\"wpcf7-form-control wpcf7-text wpcf7-validates-as-required\" aria-required=\"true\" aria-invalid=\"false\" placeholder=\"Strasse \/ Nr.*\" \/><\/span>\n<\/div>\n<div class=\"cmsmasters_column one_third\">\n<span class=\"wpcf7-form-control-wrap post-code\"><input type=\"text\" name=\"post-code\" value=\"\" size=\"40\" class=\"wpcf7-form-control wpcf7-text wpcf7-validates-as-required\" aria-required=\"true\" aria-invalid=\"false\" placeholder=\"Postleitzahl*\" \/><\/span>\n<\/div>\n<div class=\"cmsmasters_column one_third\">\n<span class=\"wpcf7-form-control-wrap your-place\"><input type=\"text\" name=\"your-place\" value=\"\" size=\"40\" class=\"wpcf7-form-control wpcf7-text wpcf7-validates-as-required\" aria-required=\"true\" aria-invalid=\"false\" placeholder=\"Ort*\" \/><\/span>\n<\/div>\n<\/div>\n<div class=\"cmsmasters_row_margin cmsmasters_131313\">\n<div class=\"cmsmasters_column one_third\">\n<span class=\"wpcf7-form-control-wrap telefon\"><input type=\"text\" name=\"telefon\" value=\"\" size=\"40\" class=\"wpcf7-form-control wpcf7-text wpcf7-validates-as-required\" aria-required=\"true\" aria-invalid=\"false\" placeholder=\"Mobiltelefon*\" \/><\/span>\n<\/div>\n<div class=\"cmsmasters_column one_third\">\n<span class=\"wpcf7-form-control-wrap email-73\"><input type=\"email\" name=\"email-73\" value=\"\" size=\"40\" class=\"wpcf7-form-control wpcf7-text wpcf7-email wpcf7-validates-as-required wpcf7-validates-as-email\" aria-required=\"true\" aria-invalid=\"false\" placeholder=\"E-Mail*\" \/><\/span>\n<\/div>\n<div class=\"cmsmasters_column one_third\">\n<span class=\"wpcf7-form-control-wrap birth-date\"><input type=\"text\" name=\"birth-date\" value=\"\" size=\"40\" class=\"wpcf7-form-control wpcf7-text wpcf7-validates-as-required walcf7-datepicker\" aria-required=\"true\" aria-invalid=\"false\" placeholder=\"Geburtsdatum*\" \/><\/span>\n<\/div>\n<\/div>\n<div class=\"cmsmasters_row_margin cmsmasters_131313\">\n<div class=\"cmsmasters_column one_third\">\n<span class=\"wpcf7-form-control-wrap date-528\"><input type=\"date\" name=\"date-528\" value=\"\" class=\"wpcf7-form-control wpcf7-date wpcf7-validates-as-required wpcf7-validates-as-date\" aria-required=\"true\" aria-invalid=\"false\" placeholder=\"Date\" \/><\/span>\n<\/div>\n<div class=\"cmsmasters_column one_third\">\n<span class=\"wpcf7-form-control-wrap no-of-people\"><select name=\"no-of-people\" class=\"wpcf7-form-control wpcf7-select wpcf7-validates-as-required\" aria-required=\"true\" aria-invalid=\"false\"><option value=\"\">Anzahl Personen*<\/option><option value=\"1\">1<\/option><option value=\"2\">2<\/option><option value=\"3\">3<\/option><option value=\"4\">4<\/option><option value=\"5\">5<\/option><option value=\"6\">6<\/option><option value=\"7\">7<\/option><option value=\"8\">8<\/option><\/select><\/span>\n<\/div>\n<div class=\"cmsmasters_column one_third\">\n<span class=\"wpcf7-form-control-wrap event-time\"><input type=\"text\" name=\"event-time\" value=\"\" size=\"40\" class=\"wpcf7-form-control wpcf7-text wpcf7-validates-as-required\" aria-required=\"true\" aria-invalid=\"false\" placeholder=\"Lounge ab (Zeit)*\" \/><\/span>\n<\/div>\n<\/div>\n<div class=\"cmsmasters_row_margin cmsmasters_131313\">\n<div class=\"cmsmasters_column one_third\">\n<span class=\"wpcf7-form-control-wrap event-occassion\"><input type=\"text\" name=\"event-occassion\" value=\"\" size=\"40\" class=\"wpcf7-form-control wpcf7-text\" aria-invalid=\"false\" placeholder=\"Anlass\" \/><\/span>\n<\/div>\n<div class=\"cmsmasters_column one_third\">\n<span class=\"wpcf7-form-control-wrap start-place\"><input type=\"text\" name=\"start-place\" value=\"\" size=\"40\" class=\"wpcf7-form-control wpcf7-text wpcf7-validates-as-required\" aria-required=\"true\" aria-invalid=\"false\" placeholder=\"Startort Limo*\" \/><\/span>\n<\/div>\n<div class=\"cmsmasters_column one_third\">\n<span class=\"wpcf7-form-control-wrap event-destination\"><input type=\"text\" name=\"event-destination\" value=\"\" size=\"40\" class=\"wpcf7-form-control wpcf7-text wpcf7-validates-as-required\" aria-required=\"true\" aria-invalid=\"false\" placeholder=\"Zielort Limo*\" \/><\/span>\n<\/div>\n<\/div>\n<p><span class=\"wpcf7-form-control-wrap textarea-208\"><textarea name=\"textarea-208\" cols=\"40\" rows=\"10\" class=\"wpcf7-form-control wpcf7-textarea\" aria-invalid=\"false\">Bemerkungen<\/textarea><\/span><\/p>\n<div class=\"cmsmasters_row_margin cmsmasters_131313\">\n<div class=\"cmsmasters_column one_half\">\n<span class=\"wpcf7-form-control-wrap voucher-payment\"><select name=\"voucher-payment\" class=\"wpcf7-form-control wpcf7-select\" aria-invalid=\"false\"><option value=\"\">Bezahlung mit Gutschein<\/option><option value=\"Nein\">Nein<\/option><option value=\"Ja\">Ja<\/option><\/select><\/span>\n<\/div>\n<div class=\"cmsmasters_column one_half\">\n<span class=\"wpcf7-form-control-wrap coupon-code\"><input type=\"text\" name=\"coupon-code\" value=\"\" size=\"40\" class=\"wpcf7-form-control wpcf7-text\" aria-invalid=\"false\" placeholder=\"Gutscheincode (falls vorhanden)\" \/><\/span>\n<\/div>\n<\/div>\n<p><input type=\"submit\" value=\"Abschicken\" class=\"wpcf7-form-control wpcf7-submit\" \/><\/p>\n<div class=\"wpcf7-response-output\" aria-hidden=\"true\"><\/div><\/form><\/div><\/div>\n<\/div><\/div>\n<\/div>\n<\/div>\n<\/div>\n<\/div>\n<\/div>\n\n","protected":false},"excerpt":{"rendered":"","protected":false},"author":1,"featured_media":0,"parent":0,"menu_order":0,"comment_status":"closed","ping_status":"closed","template":"","meta":[],"yoast_head":"<!-- This site is optimized with the Yoast SEO plugin v16.2 - https:\/\/yoast.com\/wordpress\/plugins\/seo\/ -->\n<title>Limousinenservice - Nelson Pub Z\u00fcrich<\/title>\n<meta name=\"robots\" content=\"index, follow, max-snippet:-1, max-image-preview:large, max-video-preview:-1\" \/>\n<link rel=\"canonical\" href=\"https:\/\/nelsondev.bg11.ch\/index.php\/limousinenservice\/\" \/>\n<meta property=\"og:locale\" content=\"de_DE\" \/>\n<meta property=\"og:type\" content=\"article\" \/>\n<meta property=\"og:title\" content=\"Limousinenservice - Nelson Pub Z\u00fcrich\" \/>\n<meta property=\"og:url\" content=\"https:\/\/nelsondev.bg11.ch\/index.php\/limousinenservice\/\" \/>\n<meta property=\"og:site_name\" content=\"Nelson Pub Z\u00fcrich\" \/>\n<meta property=\"article:modified_time\" content=\"2021-06-14T14:44:07+00:00\" \/>\n<meta name=\"twitter:card\" content=\"summary_large_image\" \/>\n<meta name=\"twitter:label1\" content=\"Gesch\u00e4tzte Lesezeit\">\n\t<meta name=\"twitter:data1\" content=\"2\u00a0Minuten\">\n<script type=\"application\/ld+json\" class=\"yoast-schema-graph\">{\"@context\":\"https:\/\/schema.org\",\"@graph\":[{\"@type\":\"WebSite\",\"@id\":\"https:\/\/nelsondev.bg11.ch\/#website\",\"url\":\"https:\/\/nelsondev.bg11.ch\/\",\"name\":\"Nelson Pub Z\\u00fcrich\",\"description\":\"Best place in town\",\"potentialAction\":[{\"@type\":\"SearchAction\",\"target\":\"https:\/\/nelsondev.bg11.ch\/?s={search_term_string}\",\"query-input\":\"required name=search_term_string\"}],\"inLanguage\":\"de\"},{\"@type\":\"WebPage\",\"@id\":\"https:\/\/nelsondev.bg11.ch\/index.php\/limousinenservice\/#webpage\",\"url\":\"https:\/\/nelsondev.bg11.ch\/index.php\/limousinenservice\/\",\"name\":\"Limousinenservice - Nelson Pub Z\\u00fcrich\",\"isPartOf\":{\"@id\":\"https:\/\/nelsondev.bg11.ch\/#website\"},\"datePublished\":\"2021-06-14T13:25:59+00:00\",\"dateModified\":\"2021-06-14T14:44:07+00:00\",\"breadcrumb\":{\"@id\":\"https:\/\/nelsondev.bg11.ch\/index.php\/limousinenservice\/#breadcrumb\"},\"inLanguage\":\"de\",\"potentialAction\":[{\"@type\":\"ReadAction\",\"target\":[\"https:\/\/nelsondev.bg11.ch\/index.php\/limousinenservice\/\"]}]},{\"@type\":\"BreadcrumbList\",\"@id\":\"https:\/\/nelsondev.bg11.ch\/index.php\/limousinenservice\/#breadcrumb\",\"itemListElement\":[{\"@type\":\"ListItem\",\"position\":1,\"item\":{\"@type\":\"WebPage\",\"@id\":\"https:\/\/nelsondev.bg11.ch\/\",\"url\":\"https:\/\/nelsondev.bg11.ch\/\",\"name\":\"Home\"}},{\"@type\":\"ListItem\",\"position\":2,\"item\":{\"@id\":\"https:\/\/nelsondev.bg11.ch\/index.php\/limousinenservice\/#webpage\"}}]}]}<\/script>\n<!-- \/ Yoast SEO plugin. -->","_links":{"self":[{"href":"https:\/\/nelsondev.bg11.ch\/index.php\/wp-json\/wp\/v2\/pages\/14727"}],"collection":[{"href":"https:\/\/nelsondev.bg11.ch\/index.php\/wp-json\/wp\/v2\/pages"}],"about":[{"href":"https:\/\/nelsondev.bg11.ch\/index.php\/wp-json\/wp\/v2\/types\/page"}],"author":[{"embeddable":true,"href":"https:\/\/nelsondev.bg11.ch\/index.php\/wp-json\/wp\/v2\/users\/1"}],"replies":[{"embeddable":true,"href":"https:\/\/nelsondev.bg11.ch\/index.php\/wp-json\/wp\/v2\/comments?post=14727"}],"version-history":[{"count":15,"href":"https:\/\/nelsondev.bg11.ch\/index.php\/wp-json\/wp\/v2\/pages\/14727\/revisions"}],"predecessor-version":[{"id":14744,"href":"https:\/\/nelsondev.bg11.ch\/index.php\/wp-json\/wp\/v2\/pages\/14727\/revisions\/14744"}],"wp:attachment":[{"href":"https:\/\/nelsondev.bg11.ch\/index.php\/wp-json\/wp\/v2\/media?parent=14727"}],"curies":[{"name":"wp","href":"https:\/\/api.w.org\/{rel}","templated":true}]}}