{"id":11850,"date":"2016-06-24T12:08:02","date_gmt":"2016-06-24T12:08:02","guid":{"rendered":"http:\/\/template.cmsmasters.net\/?page_id=11850"},"modified":"2021-06-15T18:25:43","modified_gmt":"2021-06-15T18:25:43","slug":"contacts","status":"publish","type":"page","link":"https:\/\/nelsondev.bg11.ch\/index.php\/contacts\/","title":{"rendered":"Kontakt"},"content":{"rendered":"<div id=\"cmsmasters_row_e2abe86431\" class=\"cmsmasters_row cmsmasters_color_scheme_default cmsmasters_row_top_default cmsmasters_row_bot_default cmsmasters_row_boxed\">\n<div class=\"cmsmasters_row_outer_parent\">\n<div class=\"cmsmasters_row_outer\">\n<div class=\"cmsmasters_row_inner\">\n<div class=\"cmsmasters_row_margin\">\n<div id=\"cmsmasters_column_6144e80f9b\" class=\"cmsmasters_column one_first\">\n<div class=\"cmsmasters_column_inner\"><div id=\"cmsmasters_heading_2cbe039699\" class=\"cmsmasters_heading_wrap cmsmasters_heading_align_center\">\n\t<h5 class=\"cmsmasters_heading\">Kontaktiere uns<\/h5>\n<\/div><div id=\"cmsmasters_heading_d4c26acaa4\" class=\"cmsmasters_heading_wrap cmsmasters_heading_align_left\">\n\t<h5 class=\"cmsmasters_heading\">Beatengasse 11, 8001 Z\u00fcrich<\/h5>\n<\/div><div id=\"cmsmasters_heading_a25b221548\" class=\"cmsmasters_heading_wrap cmsmasters_heading_align_left\">\n\t<h5 class=\"cmsmasters_heading\"><a href=\"mailto:#\">info@nelsonpubzurich.ch<\/a><\/h5>\n<\/div><div id=\"cmsmasters_heading_10d9e9f1f2\" class=\"cmsmasters_heading_wrap cmsmasters_heading_align_left\">\n\t<h5 class=\"cmsmasters_heading\">+41 44 212 60 16<\/h5>\n<\/div><div class=\"cmsmasters_text custom-max-width\">\n<p style=\"text-align: left;\">F\u00fcr Informationen zu Produkten, dem Angebot oder f\u00fcr allgemeine Fragen bitte das Kontaktformular verwenden. Fragen oder Anregungen werden so schnell wie m\u00f6glich bearbeitet. Vielen Dank f\u00fcr das Interesse!<\/p>\n<\/div>\n<div class=\"cmsmasters_contact_form nelson-custom-form\"><div role=\"form\" class=\"wpcf7\" id=\"wpcf7-f14486-o1\" lang=\"de-DE\" dir=\"ltr\">\n<div class=\"screen-reader-response\"><p role=\"status\" aria-live=\"polite\" aria-atomic=\"true\"><\/p> <ul><\/ul><\/div>\n<form action=\"\/index.php\/wp-json\/wp\/v2\/pages\/11850#wpcf7-f14486-o1\" method=\"post\" class=\"wpcf7-form init\" novalidate=\"novalidate\" data-status=\"init\">\n<div style=\"display: none;\">\n<input type=\"hidden\" name=\"_wpcf7\" value=\"14486\" \/>\n<input type=\"hidden\" name=\"_wpcf7_version\" value=\"5.4.1\" \/>\n<input type=\"hidden\" name=\"_wpcf7_locale\" value=\"de_DE\" \/>\n<input type=\"hidden\" name=\"_wpcf7_unit_tag\" value=\"wpcf7-f14486-o1\" \/>\n<input type=\"hidden\" name=\"_wpcf7_container_post\" value=\"0\" \/>\n<input type=\"hidden\" name=\"_wpcf7_posted_data_hash\" value=\"\" \/>\n<\/div>\n<div class=\"cmsmasters_row_margin cmsmasters_1212\">\n<div class=\"cmsmasters_column one_half\">\n<span class=\"wpcf7-form-control-wrap your-title\"><select name=\"your-title\" class=\"wpcf7-form-control wpcf7-select wpcf7-validates-as-required\" aria-required=\"true\" aria-invalid=\"false\"><option value=\"\">Anrede*<\/option><option value=\"Herr\">Herr<\/option><option value=\"Frau\">Frau<\/option><\/select><\/span>\n<\/div>\n<div class=\"cmsmasters_column one_half\">\n<span class=\"wpcf7-form-control-wrap your-name\"><input type=\"text\" name=\"your-name\" value=\"\" size=\"40\" class=\"wpcf7-form-control wpcf7-text wpcf7-validates-as-required\" aria-required=\"true\" aria-invalid=\"false\" placeholder=\"Vorname*\" \/><\/span>\n<\/div>\n<\/div>\n<div class=\"cmsmasters_row_margin cmsmasters_1212\">\n<div class=\"cmsmasters_column one_half\">\n<span class=\"wpcf7-form-control-wrap your-surname\"><input type=\"text\" name=\"your-surname\" value=\"\" size=\"40\" class=\"wpcf7-form-control wpcf7-text wpcf7-validates-as-required\" aria-required=\"true\" aria-invalid=\"false\" placeholder=\"Nachname*\" \/><\/span>\n<\/div>\n<div class=\"cmsmasters_column one_half\">\n<span class=\"wpcf7-form-control-wrap email-767\"><input type=\"email\" name=\"email-767\" value=\"\" size=\"40\" class=\"wpcf7-form-control wpcf7-text wpcf7-email wpcf7-validates-as-required wpcf7-validates-as-email\" aria-required=\"true\" aria-invalid=\"false\" placeholder=\"E-Mail*\" \/><\/span>\n<\/div>\n<\/div>\n<p><span class=\"wpcf7-form-control-wrap your-message\"><textarea name=\"your-message\" cols=\"40\" rows=\"10\" class=\"wpcf7-form-control wpcf7-textarea\" aria-invalid=\"false\" placeholder=\"Kommentar\"><\/textarea><\/span><br \/>\n<input type=\"submit\" value=\"Abschicken\" class=\"wpcf7-form-control wpcf7-submit\" \/><\/p>\n<div class=\"wpcf7-response-output\" aria-hidden=\"true\"><\/div><\/form><\/div><\/div>\n<\/div><\/div>\n<\/div>\n<\/div>\n<\/div>\n<\/div>\n<\/div>\n<div id=\"cmsmasters_row_cbd1bd9e47\" class=\"cmsmasters_row cmsmasters_color_scheme_default cmsmasters_row_top_default cmsmasters_row_bot_default cmsmasters_row_fullwidth\">\n<div class=\"cmsmasters_row_outer_parent\">\n<div class=\"cmsmasters_row_outer\">\n<div class=\"cmsmasters_row_inner cmsmasters_row_fullwidth\">\n<div class=\"cmsmasters_row_margin\">\n<div id=\"cmsmasters_column_820d2deafb\" class=\"cmsmasters_column one_first\">\n<div class=\"cmsmasters_column_inner\"><div class=\"custom_html\">\n<iframe src=\"https:\/\/www.google.com\/maps\/embed?pb=!1m18!1m12!1m3!1d2701.8544841291514!2d8.537895415865899!3d47.3757585118887!2m3!1f0!2f0!3f0!3m2!1i1024!2i768!4f13.1!3m3!1m2!1s0x47900a0633c9c09d%3A0xee21420fb14c2c20!2sNelson%20Pub%20Zurich!5e0!3m2!1sen!2sch!4v1620061136770!5m2!1sen!2sch\" width=\"100%\" height=\"450\" style=\"border:0;\" allowfullscreen=\"\" loading=\"lazy\"><\/iframe>\n<\/div>\n<\/div><\/div>\n<\/div>\n<\/div>\n<\/div>\n<\/div>\n<\/div>\n\n","protected":false},"excerpt":{"rendered":"","protected":false},"author":1,"featured_media":0,"parent":0,"menu_order":0,"comment_status":"closed","ping_status":"closed","template":"","meta":[],"yoast_head":"<!-- This site is optimized with the Yoast SEO plugin v16.2 - https:\/\/yoast.com\/wordpress\/plugins\/seo\/ -->\n<title>Kontakt - Nelson Pub Z\u00fcrich<\/title>\n<meta name=\"robots\" content=\"index, follow, max-snippet:-1, max-image-preview:large, max-video-preview:-1\" \/>\n<link rel=\"canonical\" href=\"https:\/\/nelsondev.bg11.ch\/index.php\/contacts\/\" \/>\n<meta property=\"og:locale\" content=\"de_DE\" \/>\n<meta property=\"og:type\" content=\"article\" \/>\n<meta property=\"og:title\" content=\"Kontakt - Nelson Pub Z\u00fcrich\" \/>\n<meta property=\"og:url\" content=\"https:\/\/nelsondev.bg11.ch\/index.php\/contacts\/\" \/>\n<meta property=\"og:site_name\" content=\"Nelson Pub Z\u00fcrich\" \/>\n<meta property=\"article:modified_time\" content=\"2021-06-15T18:25:43+00:00\" \/>\n<meta name=\"twitter:card\" content=\"summary_large_image\" \/>\n<meta name=\"twitter:label1\" content=\"Gesch\u00e4tzte Lesezeit\">\n\t<meta name=\"twitter:data1\" content=\"2\u00a0Minuten\">\n<script type=\"application\/ld+json\" class=\"yoast-schema-graph\">{\"@context\":\"https:\/\/schema.org\",\"@graph\":[{\"@type\":\"WebSite\",\"@id\":\"https:\/\/nelsondev.bg11.ch\/#website\",\"url\":\"https:\/\/nelsondev.bg11.ch\/\",\"name\":\"Nelson Pub Z\\u00fcrich\",\"description\":\"Best place in town\",\"potentialAction\":[{\"@type\":\"SearchAction\",\"target\":\"https:\/\/nelsondev.bg11.ch\/?s={search_term_string}\",\"query-input\":\"required name=search_term_string\"}],\"inLanguage\":\"de\"},{\"@type\":\"WebPage\",\"@id\":\"https:\/\/nelsondev.bg11.ch\/index.php\/contacts\/#webpage\",\"url\":\"https:\/\/nelsondev.bg11.ch\/index.php\/contacts\/\",\"name\":\"Kontakt - Nelson Pub Z\\u00fcrich\",\"isPartOf\":{\"@id\":\"https:\/\/nelsondev.bg11.ch\/#website\"},\"datePublished\":\"2016-06-24T12:08:02+00:00\",\"dateModified\":\"2021-06-15T18:25:43+00:00\",\"breadcrumb\":{\"@id\":\"https:\/\/nelsondev.bg11.ch\/index.php\/contacts\/#breadcrumb\"},\"inLanguage\":\"de\",\"potentialAction\":[{\"@type\":\"ReadAction\",\"target\":[\"https:\/\/nelsondev.bg11.ch\/index.php\/contacts\/\"]}]},{\"@type\":\"BreadcrumbList\",\"@id\":\"https:\/\/nelsondev.bg11.ch\/index.php\/contacts\/#breadcrumb\",\"itemListElement\":[{\"@type\":\"ListItem\",\"position\":1,\"item\":{\"@type\":\"WebPage\",\"@id\":\"https:\/\/nelsondev.bg11.ch\/\",\"url\":\"https:\/\/nelsondev.bg11.ch\/\",\"name\":\"Home\"}},{\"@type\":\"ListItem\",\"position\":2,\"item\":{\"@id\":\"https:\/\/nelsondev.bg11.ch\/index.php\/contacts\/#webpage\"}}]}]}<\/script>\n<!-- \/ Yoast SEO plugin. -->","_links":{"self":[{"href":"https:\/\/nelsondev.bg11.ch\/index.php\/wp-json\/wp\/v2\/pages\/11850"}],"collection":[{"href":"https:\/\/nelsondev.bg11.ch\/index.php\/wp-json\/wp\/v2\/pages"}],"about":[{"href":"https:\/\/nelsondev.bg11.ch\/index.php\/wp-json\/wp\/v2\/types\/page"}],"author":[{"embeddable":true,"href":"https:\/\/nelsondev.bg11.ch\/index.php\/wp-json\/wp\/v2\/users\/1"}],"replies":[{"embeddable":true,"href":"https:\/\/nelsondev.bg11.ch\/index.php\/wp-json\/wp\/v2\/comments?post=11850"}],"version-history":[{"count":32,"href":"https:\/\/nelsondev.bg11.ch\/index.php\/wp-json\/wp\/v2\/pages\/11850\/revisions"}],"predecessor-version":[{"id":14835,"href":"https:\/\/nelsondev.bg11.ch\/index.php\/wp-json\/wp\/v2\/pages\/11850\/revisions\/14835"}],"wp:attachment":[{"href":"https:\/\/nelsondev.bg11.ch\/index.php\/wp-json\/wp\/v2\/media?parent=11850"}],"curies":[{"name":"wp","href":"https:\/\/api.w.org\/{rel}","templated":true}]}}